{"id":2778,"date":"2020-05-07T12:33:29","date_gmt":"2020-05-07T12:33:29","guid":{"rendered":"https:\/\/bentoproduct.ba\/?page_id=2778"},"modified":"2023-01-03T13:55:45","modified_gmt":"2023-01-03T13:55:45","slug":"kontakt","status":"publish","type":"page","link":"https:\/\/bentoproduct.ba\/en\/kontakt\/","title":{"rendered":"Contact"},"content":{"rendered":"<div data-elementor-type=\"wp-post\" data-elementor-id=\"2778\" class=\"elementor elementor-2778\" data-elementor-settings=\"[]\">\n\t\t\t<div class=\"elementor-inner\">\n\t\t\t\t<div class=\"elementor-section-wrap\">\n\t\t\t\t\t\t\t<section class=\"elementor-element elementor-element-08555b5 elementor-section-boxed elementor-section-height-default elementor-section-height-default elementor-section elementor-top-section\" data-id=\"08555b5\" data-element_type=\"section\" data-settings=\"{&quot;sticky&quot;:&quot;top&quot;,&quot;sticky_offset&quot;:148,&quot;sticky_on&quot;:[&quot;desktop&quot;,&quot;tablet&quot;,&quot;mobile&quot;],&quot;sticky_effects_offset&quot;:0}\">\n\t\t\t\t\t\t<div class=\"elementor-container elementor-column-gap-default\">\n\t\t\t\t<div class=\"elementor-row\">\n\t\t\t\t<div class=\"elementor-element elementor-element-ea923b8 elementor-column elementor-col-100 elementor-top-column\" data-id=\"ea923b8\" data-element_type=\"column\">\n\t\t\t<div class=\"elementor-column-wrap  elementor-element-populated\">\n\t\t\t\t\t<div class=\"elementor-widget-wrap\">\n\t\t\t\t<div class=\"elementor-element elementor-element-a38a88d elementor-widget elementor-widget-image\" data-id=\"a38a88d\" data-element_type=\"widget\" data-widget_type=\"image.default\">\n\t\t\t\t<div class=\"elementor-widget-container\">\n\t\t\t\t\t<div class=\"elementor-image\">\n\t\t\t\t\t\t\t\t\t\t<img loading=\"lazy\" decoding=\"async\" width=\"1400\" height=\"30\" src=\"https:\/\/bentoproduct.ba\/wp-content\/uploads\/2020\/04\/opa111.png\" class=\"attachment-full size-full\" alt=\"\" srcset=\"https:\/\/bentoproduct.ba\/wp-content\/uploads\/2020\/04\/opa111.png 1400w, https:\/\/bentoproduct.ba\/wp-content\/uploads\/2020\/04\/opa111-300x6.png 300w, https:\/\/bentoproduct.ba\/wp-content\/uploads\/2020\/04\/opa111-1024x22.png 1024w, https:\/\/bentoproduct.ba\/wp-content\/uploads\/2020\/04\/opa111-768x16.png 768w\" sizes=\"auto, (max-width: 1400px) 100vw, 1400px\" \/>\t\t\t\t\t\t\t\t\t\t\t<\/div>\n\t\t\t\t<\/div>\n\t\t\t\t<\/div>\n\t\t\t\t\t\t<\/div>\n\t\t\t<\/div>\n\t\t<\/div>\n\t\t\t\t\t\t<\/div>\n\t\t\t<\/div>\n\t\t<\/section>\n\t\t\t\t<section class=\"elementor-element elementor-element-02c55da elementor-section-boxed elementor-section-height-default elementor-section-height-default elementor-section elementor-top-section\" data-id=\"02c55da\" data-element_type=\"section\" data-settings=\"{&quot;sticky&quot;:&quot;top&quot;,&quot;sticky_offset&quot;:150,&quot;sticky_on&quot;:[&quot;desktop&quot;,&quot;tablet&quot;,&quot;mobile&quot;],&quot;sticky_effects_offset&quot;:0}\">\n\t\t\t\t\t\t<div class=\"elementor-container elementor-column-gap-default\">\n\t\t\t\t<div class=\"elementor-row\">\n\t\t\t\t<div class=\"elementor-element elementor-element-1ddf45f elementor-column elementor-col-100 elementor-top-column\" data-id=\"1ddf45f\" data-element_type=\"column\">\n\t\t\t<div class=\"elementor-column-wrap  elementor-element-populated\">\n\t\t\t\t\t<div class=\"elementor-widget-wrap\">\n\t\t\t\t<div class=\"elementor-element elementor-element-83360cb elementor-widget elementor-widget-image\" data-id=\"83360cb\" data-element_type=\"widget\" data-widget_type=\"image.default\">\n\t\t\t\t<div class=\"elementor-widget-container\">\n\t\t\t\t\t<div class=\"elementor-image\">\n\t\t\t\t\t\t\t\t\t\t<img loading=\"lazy\" decoding=\"async\" width=\"1400\" height=\"458\" src=\"https:\/\/bentoproduct.ba\/wp-content\/uploads\/2020\/05\/dolefade.png\" class=\"attachment-full size-full\" alt=\"\" srcset=\"https:\/\/bentoproduct.ba\/wp-content\/uploads\/2020\/05\/dolefade.png 1400w, https:\/\/bentoproduct.ba\/wp-content\/uploads\/2020\/05\/dolefade-300x98.png 300w, https:\/\/bentoproduct.ba\/wp-content\/uploads\/2020\/05\/dolefade-1024x335.png 1024w, https:\/\/bentoproduct.ba\/wp-content\/uploads\/2020\/05\/dolefade-768x251.png 768w\" sizes=\"auto, (max-width: 1400px) 100vw, 1400px\" \/>\t\t\t\t\t\t\t\t\t\t\t<\/div>\n\t\t\t\t<\/div>\n\t\t\t\t<\/div>\n\t\t\t\t\t\t<\/div>\n\t\t\t<\/div>\n\t\t<\/div>\n\t\t\t\t\t\t<\/div>\n\t\t\t<\/div>\n\t\t<\/section>\n\t\t\t\t<section class=\"elementor-element elementor-element-ffbcc59 elementor-section-boxed elementor-section-height-default elementor-section-height-default elementor-invisible elementor-section elementor-top-section\" data-id=\"ffbcc59\" data-element_type=\"section\" id=\"top\" data-settings=\"{&quot;animation&quot;:&quot;none&quot;,&quot;animation_delay&quot;:0}\">\n\t\t\t\t\t\t<div class=\"elementor-container elementor-column-gap-default\">\n\t\t\t\t<div class=\"elementor-row\">\n\t\t\t\t<div class=\"elementor-element elementor-element-854b3cb elementor-column elementor-col-50 elementor-top-column\" data-id=\"854b3cb\" data-element_type=\"column\">\n\t\t\t<div class=\"elementor-column-wrap  elementor-element-populated\">\n\t\t\t\t\t<div class=\"elementor-widget-wrap\">\n\t\t\t\t<div class=\"elementor-element elementor-element-aab3c9a elementor-invisible elementor-widget elementor-widget-heading\" data-id=\"aab3c9a\" data-element_type=\"widget\" data-settings=\"{&quot;_animation&quot;:&quot;none&quot;}\" data-widget_type=\"heading.default\">\n\t\t\t\t<div class=\"elementor-widget-container\">\n\t\t\t<h3 class=\"elementor-heading-title elementor-size-default\">CONTACT<\/h3>\t\t<\/div>\n\t\t\t\t<\/div>\n\t\t\t\t\t\t<\/div>\n\t\t\t<\/div>\n\t\t<\/div>\n\t\t\t\t<div class=\"elementor-element elementor-element-7be4c2a elementor-column elementor-col-50 elementor-top-column\" data-id=\"7be4c2a\" data-element_type=\"column\">\n\t\t\t<div class=\"elementor-column-wrap  elementor-element-populated\">\n\t\t\t\t\t<div class=\"elementor-widget-wrap\">\n\t\t\t\t<div class=\"elementor-element elementor-element-452db92 elementor-invisible elementor-widget elementor-widget-divider\" data-id=\"452db92\" data-element_type=\"widget\" data-settings=\"{&quot;_animation&quot;:&quot;none&quot;}\" data-widget_type=\"divider.default\">\n\t\t\t\t<div class=\"elementor-widget-container\">\n\t\t\t\t\t<div class=\"elementor-divider\">\n\t\t\t<span class=\"elementor-divider-separator\">\n\t\t\t\t\t\t<\/span>\n\t\t<\/div>\n\t\t\t\t<\/div>\n\t\t\t\t<\/div>\n\t\t\t\t\t\t<\/div>\n\t\t\t<\/div>\n\t\t<\/div>\n\t\t\t\t\t\t<\/div>\n\t\t\t<\/div>\n\t\t<\/section>\n\t\t\t\t<section class=\"elementor-element elementor-element-f805c2b elementor-section-boxed elementor-section-height-default elementor-section-height-default elementor-section elementor-top-section\" data-id=\"f805c2b\" data-element_type=\"section\" data-no-translation=\"\">\n\t\t\t\t\t\t<div class=\"elementor-container elementor-column-gap-default\">\n\t\t\t\t<div class=\"elementor-row\">\n\t\t\t\t<div class=\"elementor-element elementor-element-4ff9fde elementor-column elementor-col-50 elementor-top-column\" data-id=\"4ff9fde\" data-element_type=\"column\">\n\t\t\t<div class=\"elementor-column-wrap  elementor-element-populated\">\n\t\t\t\t\t<div class=\"elementor-widget-wrap\">\n\t\t\t\t<div class=\"elementor-element elementor-element-5e0481d elementor-hidden-tablet elementor-hidden-phone elementor-widget elementor-widget-html\" data-id=\"5e0481d\" data-element_type=\"widget\" data-widget_type=\"html.default\">\n\t\t\t\t<div class=\"elementor-widget-container\">\n\t\t\t<iframe loading=\"lazy\" id=\"inlineFrameExample\"\r\n    title=\"Inline Frame Example\"\r\n    width=\"300\"\r\n    height=\"650\"\r\n    scrolling=\"no\"\r\n    src=\"https:\/\/bentoproduct.ba\/wp-content\/uploads\/tab1en.html\">\r\n<\/iframe>\t\t<\/div>\n\t\t\t\t<\/div>\n\t\t\t\t<div class=\"elementor-element elementor-element-d475bd8 elementor-hidden-tablet elementor-hidden-phone elementor-widget elementor-widget-html\" data-id=\"d475bd8\" data-element_type=\"widget\" data-widget_type=\"html.default\">\n\t\t\t\t<div class=\"elementor-widget-container\">\n\t\t\t<iframe loading=\"lazy\" id=\"inlineFrameExample2\"\r\n    title=\"Inline Frame Example\"\r\n    width=\"300\"\r\n    height=\"650\"\r\n    scrolling=\"no\"\r\n    src=\"https:\/\/bentoproduct.ba\/wp-content\/uploads\/tab1men.html\">\r\n<\/iframe>\t\t<\/div>\n\t\t\t\t<\/div>\n\t\t\t\t\t\t<\/div>\n\t\t\t<\/div>\n\t\t<\/div>\n\t\t\t\t<div class=\"elementor-element elementor-element-4fea378 elementor-column elementor-col-50 elementor-top-column\" data-id=\"4fea378\" data-element_type=\"column\">\n\t\t\t<div class=\"elementor-column-wrap  elementor-element-populated\">\n\t\t\t\t\t<div class=\"elementor-widget-wrap\">\n\t\t\t\t<div class=\"elementor-element elementor-element-4ea731a elementor-widget elementor-widget-text-editor\" data-id=\"4ea731a\" data-element_type=\"widget\" data-widget_type=\"text-editor.default\">\n\t\t\t\t<div class=\"elementor-widget-container\">\n\t\t\t\t\t<div class=\"elementor-text-editor elementor-clearfix\"><p><strong>Our team of experts is at your disposal.<\/strong><\/p><\/div>\n\t\t\t\t<\/div>\n\t\t\t\t<\/div>\n\t\t\t\t<div class=\"elementor-element elementor-element-887e7d1 elementor-button-align-stretch elementor-widget elementor-widget-form\" data-id=\"887e7d1\" data-element_type=\"widget\" data-widget_type=\"form.default\">\n\t\t\t\t<div class=\"elementor-widget-container\">\n\t\t\t\t\t<form class=\"elementor-form\" method=\"post\" name=\"kontakt forma\" action=\"\">\n\t\t\t<input type=\"hidden\" name=\"post_id\" value=\"2778\"\/>\n\t\t\t<input type=\"hidden\" name=\"form_id\" value=\"887e7d1\"\/>\n\n\t\t\t<div class=\"elementor-form-fields-wrapper elementor-labels-\">\n\t\t\t\t\t\t\t\t<div class=\"elementor-field-type-text elementor-field-group elementor-column elementor-field-group-name elementor-col-100\">\n\t\t\t\t\t<input size=\"1\" type=\"text\" name=\"form_fields[name]\" id=\"form-field-name\" class=\"elementor-field elementor-size-xl  elementor-field-textual\" placeholder=\"Name and Surname\">\t\t\t\t<\/div>\n\t\t\t\t\t\t\t\t<div class=\"elementor-field-type-email elementor-field-group elementor-column elementor-field-group-email elementor-col-100 elementor-field-required\">\n\t\t\t\t\t<input size=\"1\" type=\"email\" name=\"form_fields[email]\" id=\"form-field-email\" class=\"elementor-field elementor-size-xl  elementor-field-textual\" placeholder=\"Email\" required=\"required\" aria-required=\"true\">\t\t\t\t<\/div>\n\t\t\t\t\t\t\t\t<div class=\"elementor-field-type-textarea elementor-field-group elementor-column elementor-field-group-message elementor-col-100\">\n\t\t\t\t\t<textarea class=\"elementor-field-textual elementor-field  elementor-size-xl\" name=\"form_fields[message]\" id=\"form-field-message\" rows=\"10\" placeholder=\"Message\"><\/textarea>\t\t\t\t<\/div>\n\t\t\t\t\t\t\t\t<div class=\"elementor-field-group elementor-column elementor-field-type-submit elementor-col-25\">\n\t\t\t\t\t<button type=\"submit\" class=\"elementor-button elementor-size-lg elementor-animation-push\">\n\t\t\t\t\t\t<span >\n\t\t\t\t\t\t\t\t\t\t\t\t\t\t\t<span class=\"elementor-button-icon\">\n\t\t\t\t\t\t\t\t\t\t\t\t\t\t\t\t\t\t\t\t\t\t\t\t\t\t<\/span>\n\t\t\t\t\t\t\t\t\t\t\t\t\t\t\t\t\t\t\t\t\t\t<span class=\"elementor-button-text\">SEND<\/span>\n\t\t\t\t\t\t\t\t\t\t\t\t\t<\/span>\n\t\t\t\t\t<\/button>\n\t\t\t\t<\/div>\n\t\t\t<\/div>\n\t\t<input type=\"hidden\" name=\"trp-form-language\" value=\"en\"\/><\/form>\n\t\t\t\t<\/div>\n\t\t\t\t<\/div>\n\t\t\t\t\t\t<\/div>\n\t\t\t<\/div>\n\t\t<\/div>\n\t\t\t\t\t\t<\/div>\n\t\t\t<\/div>\n\t\t<\/section>\n\t\t\t\t<section class=\"elementor-element elementor-element-2e5f587 elementor-section-boxed elementor-section-height-default elementor-section-height-default elementor-section elementor-top-section\" data-id=\"2e5f587\" data-element_type=\"section\">\n\t\t\t\t\t\t<div class=\"elementor-container elementor-column-gap-default\">\n\t\t\t\t<div class=\"elementor-row\">\n\t\t\t\t<div class=\"elementor-element elementor-element-bfe9c05 elementor-column elementor-col-50 elementor-top-column\" data-id=\"bfe9c05\" data-element_type=\"column\">\n\t\t\t<div class=\"elementor-column-wrap  elementor-element-populated\">\n\t\t\t\t\t<div class=\"elementor-widget-wrap\">\n\t\t\t\t<div class=\"elementor-element elementor-element-2fed6b7 elementor-widget elementor-widget-heading\" data-id=\"2fed6b7\" data-element_type=\"widget\" data-widget_type=\"heading.default\">\n\t\t\t\t<div class=\"elementor-widget-container\">\n\t\t\t<h3 class=\"elementor-heading-title elementor-size-default\">LOCATION<\/h3>\t\t<\/div>\n\t\t\t\t<\/div>\n\t\t\t\t\t\t<\/div>\n\t\t\t<\/div>\n\t\t<\/div>\n\t\t\t\t<div class=\"elementor-element elementor-element-c0afdca elementor-column elementor-col-50 elementor-top-column\" data-id=\"c0afdca\" data-element_type=\"column\">\n\t\t\t<div class=\"elementor-column-wrap  elementor-element-populated\">\n\t\t\t\t\t<div class=\"elementor-widget-wrap\">\n\t\t\t\t<div class=\"elementor-element elementor-element-81d6acd elementor-widget elementor-widget-divider\" data-id=\"81d6acd\" data-element_type=\"widget\" data-widget_type=\"divider.default\">\n\t\t\t\t<div class=\"elementor-widget-container\">\n\t\t\t\t\t<div class=\"elementor-divider\">\n\t\t\t<span class=\"elementor-divider-separator\">\n\t\t\t\t\t\t<\/span>\n\t\t<\/div>\n\t\t\t\t<\/div>\n\t\t\t\t<\/div>\n\t\t\t\t\t\t<\/div>\n\t\t\t<\/div>\n\t\t<\/div>\n\t\t\t\t\t\t<\/div>\n\t\t\t<\/div>\n\t\t<\/section>\n\t\t\t\t<section class=\"elementor-element elementor-element-4acd75b elementor-section-boxed elementor-section-height-default elementor-section-height-default elementor-section elementor-top-section\" data-id=\"4acd75b\" data-element_type=\"section\">\n\t\t\t\t\t\t<div class=\"elementor-container elementor-column-gap-default\">\n\t\t\t\t<div class=\"elementor-row\">\n\t\t\t\t<div class=\"elementor-element elementor-element-0ba7a36 elementor-column elementor-col-100 elementor-top-column\" data-id=\"0ba7a36\" data-element_type=\"column\">\n\t\t\t<div class=\"elementor-column-wrap  elementor-element-populated\">\n\t\t\t\t\t<div class=\"elementor-widget-wrap\">\n\t\t\t\t<div class=\"elementor-element elementor-element-4340592 elementor-widget elementor-widget-google_maps\" data-id=\"4340592\" data-element_type=\"widget\" data-widget_type=\"google_maps.default\">\n\t\t\t\t<div class=\"elementor-widget-container\">\n\t\t\t<div class=\"elementor-custom-embed\"><iframe frameborder=\"0\" scrolling=\"no\" marginheight=\"0\" marginwidth=\"0\" src=\"https:\/\/maps.google.com\/maps?q=BENTOPRODUCT%20D.O.O.&amp;t=m&amp;z=17&amp;output=embed&amp;iwloc=near\" aria-label=\"BENTOPRODUCT D.O.O.\"><\/iframe><\/div>\t\t<\/div>\n\t\t\t\t<\/div>\n\t\t\t\t<div class=\"elementor-element elementor-element-0cc99be elementor-widget elementor-widget-html\" data-id=\"0cc99be\" data-element_type=\"widget\" data-widget_type=\"html.default\">\n\t\t\t\t<div class=\"elementor-widget-container\">\n\t\t\t<div class=\"loader\" ><\/div>\r\n<script>\r\nwindow.onload = function() {\r\njQuery(function($){\r\n$('.loader').fadeOut('slow');\r\n});\r\n};\r\nif (screen.width <= 1024) {\r\n    window.location.replace(\"https:\/\/bentoproduct.ba\/mobile\/kontakt-mobile\/\");\r\n}\r\n<\/script>\r\n<style>\r\n.loader {\r\nposition: fixed;\r\nleft: 0px;\r\ntop: 0px;\r\nwidth: 100%;\r\nheight: 100%;\r\nz-index: 99999;\r\nbackground: url('https:\/\/bentoproduct.ba\/wp-content\/uploads\/2020\/05\/loadstr.png') 50% 50% no-repeat #fff;\r\n}\r\n.elementor-editor-active .loader{\r\ndisplay: none;\r\n}\r\n<\/style>\t\t<\/div>\n\t\t\t\t<\/div>\n\t\t\t\t\t\t<\/div>\n\t\t\t<\/div>\n\t\t<\/div>\n\t\t\t\t\t\t<\/div>\n\t\t\t<\/div>\n\t\t<\/section>\n\t\t\t\t<section class=\"elementor-element elementor-element-e6bf2a7 elementor-section-boxed elementor-section-height-default elementor-section-height-default elementor-section elementor-top-section\" data-id=\"e6bf2a7\" data-element_type=\"section\">\n\t\t\t\t\t\t<div class=\"elementor-container elementor-column-gap-default\">\n\t\t\t\t<div class=\"elementor-row\">\n\t\t\t\t<div class=\"elementor-element elementor-element-e79895d elementor-column elementor-col-100 elementor-top-column\" data-id=\"e79895d\" data-element_type=\"column\" data-settings=\"{&quot;background_background&quot;:&quot;classic&quot;}\">\n\t\t\t<div class=\"elementor-column-wrap  elementor-element-populated\">\n\t\t\t\t\t<div class=\"elementor-widget-wrap\">\n\t\t\t\t<section class=\"elementor-element elementor-element-d5670bd elementor-section-boxed elementor-section-height-default elementor-section-height-default elementor-section elementor-inner-section\" data-id=\"d5670bd\" data-element_type=\"section\">\n\t\t\t\t\t\t<div class=\"elementor-container elementor-column-gap-default\">\n\t\t\t\t<div class=\"elementor-row\">\n\t\t\t\t<div class=\"elementor-element elementor-element-882403f elementor-column elementor-col-50 elementor-inner-column\" data-id=\"882403f\" data-element_type=\"column\">\n\t\t\t<div class=\"elementor-column-wrap  elementor-element-populated\">\n\t\t\t\t\t<div class=\"elementor-widget-wrap\">\n\t\t\t\t<div class=\"elementor-element elementor-element-607d85d elementor-widget elementor-widget-image\" data-id=\"607d85d\" data-element_type=\"widget\" data-widget_type=\"image.default\">\n\t\t\t\t<div class=\"elementor-widget-container\">\n\t\t\t\t\t<div class=\"elementor-image\">\n\t\t\t\t\t\t\t\t\t\t<img loading=\"lazy\" decoding=\"async\" width=\"246\" height=\"80\" src=\"https:\/\/bentoproduct.ba\/wp-content\/uploads\/2021\/11\/bottom-logo.png\" class=\"attachment-large size-large\" alt=\"\" srcset=\"https:\/\/bentoproduct.ba\/wp-content\/uploads\/2021\/11\/bottom-logo.png 246w, https:\/\/bentoproduct.ba\/wp-content\/uploads\/2021\/11\/bottom-logo-24x8.png 24w, https:\/\/bentoproduct.ba\/wp-content\/uploads\/2021\/11\/bottom-logo-36x12.png 36w, https:\/\/bentoproduct.ba\/wp-content\/uploads\/2021\/11\/bottom-logo-48x16.png 48w\" sizes=\"auto, (max-width: 246px) 100vw, 246px\" \/>\t\t\t\t\t\t\t\t\t\t\t<\/div>\n\t\t\t\t<\/div>\n\t\t\t\t<\/div>\n\t\t\t\t\t\t<\/div>\n\t\t\t<\/div>\n\t\t<\/div>\n\t\t\t\t<div class=\"elementor-element elementor-element-8d11f34 elementor-column elementor-col-50 elementor-inner-column\" data-id=\"8d11f34\" data-element_type=\"column\">\n\t\t\t<div class=\"elementor-column-wrap  elementor-element-populated\">\n\t\t\t\t\t<div class=\"elementor-widget-wrap\">\n\t\t\t\t<div class=\"elementor-element elementor-element-4d4f7fd elementor-widget elementor-widget-text-editor\" data-id=\"4d4f7fd\" data-element_type=\"widget\" data-widget_type=\"text-editor.default\">\n\t\t\t\t<div class=\"elementor-widget-container\">\n\t\t\t\t\t<div class=\"elementor-text-editor elementor-clearfix\"><h3>About us<\/h3><p>BENTOPRODUCT Ltd. is a manufacturer of high-quality bentonite-based products. The installed capacity enables the production of about 50 000 tons of various, top quality products. We operate in accordance with the Integrated Management System. We have implemented the following standards: ISO 9001:2015, ISO 14001:2015, ISO 45001:2018, HACCP, HALAL, KOSHER.<\/p><\/div>\n\t\t\t\t<\/div>\n\t\t\t\t<\/div>\n\t\t\t\t\t\t<\/div>\n\t\t\t<\/div>\n\t\t<\/div>\n\t\t\t\t\t\t<\/div>\n\t\t\t<\/div>\n\t\t<\/section>\n\t\t\t\t\t\t<\/div>\n\t\t\t<\/div>\n\t\t<\/div>\n\t\t\t\t\t\t<\/div>\n\t\t\t<\/div>\n\t\t<\/section>\n\t\t\t\t<section class=\"elementor-element elementor-element-1179e98 elementor-section-boxed elementor-section-height-default elementor-section-height-default elementor-section elementor-top-section\" data-id=\"1179e98\" data-element_type=\"section\">\n\t\t\t\t\t\t<div class=\"elementor-container elementor-column-gap-default\">\n\t\t\t\t<div class=\"elementor-row\">\n\t\t\t\t<div class=\"elementor-element elementor-element-8b15647 elementor-column elementor-col-33 elementor-top-column\" data-id=\"8b15647\" data-element_type=\"column\">\n\t\t\t<div class=\"elementor-column-wrap\">\n\t\t\t\t\t<div class=\"elementor-widget-wrap\">\n\t\t\t\t\t\t<\/div>\n\t\t\t<\/div>\n\t\t<\/div>\n\t\t\t\t<div class=\"elementor-element elementor-element-755ffdd elementor-fixed elementor-column elementor-col-66 elementor-top-column\" data-id=\"755ffdd\" data-element_type=\"column\" data-settings=\"{&quot;pafe_position&quot;:&quot;fixed&quot;}\">\n\t\t\t<div class=\"elementor-column-wrap  elementor-element-populated\">\n\t\t\t\t\t<div class=\"elementor-widget-wrap\">\n\t\t\t\t<div class=\"elementor-element elementor-element-930700d elementor-relative elementor-widget elementor-widget-pp-flipbox\" data-id=\"930700d\" data-element_type=\"widget\" data-settings=\"{&quot;motion_fx_opacity_effect&quot;:&quot;yes&quot;,&quot;motion_fx_opacity_range&quot;:{&quot;unit&quot;:&quot;%&quot;,&quot;size&quot;:&quot;&quot;,&quot;sizes&quot;:{&quot;start&quot;:7,&quot;end&quot;:7}},&quot;motion_fx_range&quot;:&quot;page&quot;,&quot;pafe_position&quot;:&quot;relative&quot;,&quot;motion_fx_motion_fx_scrolling&quot;:&quot;yes&quot;,&quot;motion_fx_opacity_direction&quot;:&quot;out-in&quot;,&quot;motion_fx_opacity_level&quot;:{&quot;unit&quot;:&quot;px&quot;,&quot;size&quot;:10,&quot;sizes&quot;:[]},&quot;motion_fx_devices&quot;:[&quot;desktop&quot;,&quot;tablet&quot;,&quot;mobile&quot;]}\" data-widget_type=\"pp-flipbox.default\">\n\t\t\t\t<div class=\"elementor-widget-container\">\n\t\t\t\t\t<div class=\"pp-flipbox-container pp-animate-fade pp-direction-left\">\n\t\t\t<div class=\"pp-flipbox-flip-card\">\n\t\t\t\t        <div class=\"pp-flipbox-front\">\n            <div class=\"pp-flipbox-overlay\">\n                <div class=\"pp-flipbox-inner\">\n                    <div class=\"pp-flipbox-icon-image\">\n                                                                                                                <img decoding=\"async\" src=\"https:\/\/bentoproduct.ba\/wp-content\/uploads\/2020\/05\/gore1.png\" alt=\"\">\n                                                                        <\/div>\n\n                    <h3 class=\"pp-flipbox-heading\">\n                                            <\/h3>\n\n                    <div class=\"pp-flipbox-content\">\n                                           <\/div>\n                <\/div>\n            <\/div>\n        <\/div>\n                <div class=\"pp-flipbox-back\">\n                            <a class=\"pp-flipbox-box-link\" href=\"#top\"><\/a>\n                        <div class=\"pp-flipbox-overlay\">\n                <div class=\"pp-flipbox-inner\">\n                                            <div class=\"pp-flipbox-icon-image-back\">\n                                                            <img decoding=\"async\" src=\"https:\/\/bentoproduct.ba\/wp-content\/uploads\/2020\/05\/gore2.png\" alt=\"flipbox-image\">\n                                                    <\/div>\n                    \n                    \n                    <div class=\"pp-flipbox-content\">\n                                           <\/div>\n\n                                    <\/div>\n            <\/div>\n        <\/div>\n        \t\t\t<\/div>\n\t\t<\/div>\n\t\t\t\t<\/div>\n\t\t\t\t<\/div>\n\t\t\t\t\t\t<\/div>\n\t\t\t<\/div>\n\t\t<\/div>\n\t\t\t\t\t\t<\/div>\n\t\t\t<\/div>\n\t\t<\/section>\n\t\t\t\t\t\t<\/div>\n\t\t\t<\/div>\n\t\t<\/div>","protected":false},"excerpt":{"rendered":"<p>KONTAKT Na\u0161 tim strucnjaka Vam je na raspolaganju. Our team of experts is at your disposal. LOKACIJA O nama BENTOPRODUCT d.o.o. je privredno dru\u0161tvo koje se bavi proizvodnjom visokokvalitetnih proizvoda na bazi bentonita. Instalisani kapacitet omogu\u0107ava proizvodnju oko 50 hiljada tona razli\u010ditih proizvoda izuzetnog kvaliteta. Poslujemo u skladu sa Integrisanim sistemom upravljanja. Implementirali smo: ISO [&hellip;]<\/p>","protected":false},"author":1,"featured_media":0,"parent":0,"menu_order":0,"comment_status":"closed","ping_status":"closed","template":"elementor_header_footer","meta":{"footnotes":""},"class_list":["post-2778","page","type-page","status-publish","hentry"],"_links":{"self":[{"href":"https:\/\/bentoproduct.ba\/en\/wp-json\/wp\/v2\/pages\/2778","targetHints":{"allow":["GET"]}}],"collection":[{"href":"https:\/\/bentoproduct.ba\/en\/wp-json\/wp\/v2\/pages"}],"about":[{"href":"https:\/\/bentoproduct.ba\/en\/wp-json\/wp\/v2\/types\/page"}],"author":[{"embeddable":true,"href":"https:\/\/bentoproduct.ba\/en\/wp-json\/wp\/v2\/users\/1"}],"replies":[{"embeddable":true,"href":"https:\/\/bentoproduct.ba\/en\/wp-json\/wp\/v2\/comments?post=2778"}],"version-history":[{"count":230,"href":"https:\/\/bentoproduct.ba\/en\/wp-json\/wp\/v2\/pages\/2778\/revisions"}],"predecessor-version":[{"id":11037,"href":"https:\/\/bentoproduct.ba\/en\/wp-json\/wp\/v2\/pages\/2778\/revisions\/11037"}],"wp:attachment":[{"href":"https:\/\/bentoproduct.ba\/en\/wp-json\/wp\/v2\/media?parent=2778"}],"curies":[{"name":"wp","href":"https:\/\/api.w.org\/{rel}","templated":true}]}}